{"id":10,"date":"2024-11-01T11:20:05","date_gmt":"2024-11-01T11:20:05","guid":{"rendered":"https:\/\/servicebit.de\/?page_id=10"},"modified":"2025-01-09T12:05:25","modified_gmt":"2025-01-09T12:05:25","slug":"impressum","status":"publish","type":"page","link":"https:\/\/servicebit.de\/index.php\/impressum\/","title":{"rendered":"Impressum"},"content":{"rendered":"\t\t<div data-elementor-type=\"wp-page\" data-elementor-id=\"10\" class=\"elementor elementor-10\">\n\t\t\t\t<div class=\"elementor-element elementor-element-7f3f648 e-flex e-con-boxed e-con e-parent\" data-id=\"7f3f648\" data-element_type=\"container\" data-e-type=\"container\">\n\t\t\t\t\t<div class=\"e-con-inner\">\n\t\t\t\t<div class=\"elementor-element elementor-element-83bf4f6 elementor-widget elementor-widget-text-editor\" data-id=\"83bf4f6\" data-element_type=\"widget\" data-e-type=\"widget\" data-widget_type=\"text-editor.default\">\n\t\t\t\t<div class=\"elementor-widget-container\">\n\t\t\t\t\t\t\t\t\t<table class=\"style_table_impressum\"><tbody><tr><td class=\"style_table_impressum_cell_left\">Betreiber der WEB-Site:<\/td><td class=\"style_table_impressum_cell_right\">Bauerei\u00df Informationstechnik<\/td><\/tr><tr><td class=\"style_table_impressum_cell_left\">Gesch\u00e4ftsf\u00fchrer:<\/td><td class=\"style_table_impressum_cell_right\">J\u00fcrgen Bauerei\u00df<\/td><\/tr><tr><td class=\"style_table_impressum_cell_left\">Anschrift:<\/td><td class=\"style_table_impressum_cell_right\">Unterer Galgenberg 16<\/td><\/tr><tr><td class=\"style_table_impressum_cell_left\">\u00a0<\/td><td class=\"style_table_impressum_cell_right\">91575 Windsbach<\/td><\/tr><tr><td class=\"style_table_impressum_cell_left\">Tel.:<\/td><td class=\"style_table_impressum_cell_right\">09871 \/ 70 56 29<\/td><\/tr><tr><td class=\"style_table_impressum_cell_left\">Fax.:<\/td><td class=\"style_table_impressum_cell_right\">&#8212;-<\/td><\/tr><tr><td class=\"style_table_impressum_cell_left\">e-Mail.:<\/td><td class=\"style_table_impressum_cell_right\"><a href=\"mailto:juergen.bauereiss@gmx.de\">juergen.bauereiss@gmx.de<\/a><\/td><\/tr><tr><td class=\"style_table_impressum_cell_left\">Internet:<\/td><td class=\"style_table_impressum_cell_right\"><a href=\"http:\/\/www.bauereiss.it\/\" target=\"_blank\" rel=\"noopener\">www.servicebit.de<\/a><\/td><\/tr><tr><td class=\"style_table_impressum_cell_left\">Steuernummer:<\/td><td class=\"style_table_impressum_cell_right\">205 \/ 203 \/ 00237<\/td><\/tr><tr><td class=\"style_table_impressum_cell_left\"><p>\u00a0<\/p><\/td><td class=\"style_table_impressum_cell_right\">\u00a0<\/td><\/tr><tr><td class=\"style_table_impressum_cell_left\"><p>Verantwortlich f\u00fcr den Inhalt der WEB-Site:<\/p><\/td><td class=\"style_table_impressum_cell_right\">J\u00fcrgen Bauerei\u00df<\/td><\/tr><\/tbody><\/table>\t\t\t\t\t\t\t\t<\/div>\n\t\t\t\t<\/div>\n\t\t\t\t\t<\/div>\n\t\t\t\t<\/div>\n\t\t<div class=\"elementor-element elementor-element-bfde3ee e-flex e-con-boxed e-con e-parent\" data-id=\"bfde3ee\" data-element_type=\"container\" data-e-type=\"container\">\n\t\t\t\t\t<div class=\"e-con-inner\">\n\t\t\t\t<div class=\"elementor-element elementor-element-e72fa9b elementor-widget elementor-widget-text-editor\" data-id=\"e72fa9b\" data-element_type=\"widget\" data-e-type=\"widget\" data-widget_type=\"text-editor.default\">\n\t\t\t\t<div class=\"elementor-widget-container\">\n\t\t\t\t\t\t\t\t\t<p>Copyright (c) 2025 by Bauerei\u00df Informationstechnik &#8211; Alle Rechte vorbehalten<\/p><p>Alle Informationen dienen zur pers\u00f6nlichen Information &#8211; jegliche Art von kommerzieller Nutzung von Inhalten, Abbildungen, Strukturen oder sonstigen M\u00f6glichkeiten ist nicht erlaubt. Die unter dieser Domain ver\u00f6ffentlichten Texte sind urheberrechtlich gesch\u00fctzt. F\u00fcr Fehler im Text, in Abbildungen oder in allen sonstigen downloadbaren Dokumenten wird keine Haftung \u00fcbernommen.<\/p><p>\u00a0<\/p><h4><strong>Haftungsausschluss<\/strong><\/h4><p>1. Inhalt des Onlineangebotes<\/p><p>Der Autor \u00fcbernimmt keinerlei Gew\u00e4hr f\u00fcr die Aktualit\u00e4t, Korrektheit, Vollst\u00e4ndigkeit oder Qualit\u00e4t der bereitgestellten Informationen. Haftungsanspr\u00fcche gegen den Autor, welche sich auf Sch\u00e4den materieller oder ideeller Art beziehen, die durch die Nutzung oder Nichtnutzung der dargebotenen Informationen bzw. durch die Nutzung fehlerhafter und unvollst\u00e4ndiger Informationen verursacht wurden, sind grunds\u00e4tzlich ausgeschlossen, sofern seitens des Autors kein nachweislich vors\u00e4tzliches oder grob fahrl\u00e4ssiges Verschulden vorliegt. Alle Angebote sind freibleibend und unverbindlich. Der Autor beh\u00e4lt es sich ausdr\u00fccklich vor, Teile der Seiten oder das gesamte Angebot ohne gesonderte Ank\u00fcndigung zu ver\u00e4ndern, zu erg\u00e4nzen, zu l\u00f6schen oder die Ver\u00f6ffentlichung zeitweise oder endg\u00fcltig einzustellen.<\/p><p>2. Verweise und Links<\/p><p>Bei direkten oder indirekten Verweisen auf fremde Webseiten (&#8222;Hyperlinks&#8220;), die au\u00dferhalb des Verantwortungsbereiches des Autors liegen, liegt keine Haftungsverpflichtung vor. Der Autor erkl\u00e4rt hiermit ausdr\u00fccklich, dass zum Zeitpunkt der Linksetzung keine illegalen Inhalte auf den zu verlinkenden Seiten erkennbar waren. Auf die aktuelle und zuk\u00fcnftige Gestaltung, die Inhalte oder die Urheberschaft der gelinkten\/verkn\u00fcpften Seiten hat der Autor keinerlei Einfluss. Deshalb distanziert er sich hiermit ausdr\u00fccklich von allen Inhalten aller gelinkten \/verkn\u00fcpften Seiten, die nach der Linksetzung ver\u00e4ndert wurden. Diese Feststellung gilt f\u00fcr alle innerhalb des eigenen Internetangebotes gesetzten Links und Verweise. F\u00fcr illegale, fehlerhafte oder unvollst\u00e4ndige Inhalte und insbesondere f\u00fcr Sch\u00e4den, die aus der Nutzung oder Nichtnutzung solcherart dargebotener Informationen entstehen, haftet allein der Anbieter der Seite, auf welche verwiesen wurde, nicht derjenige, der \u00fcber Links auf die jeweilige Ver\u00f6ffentlichung lediglich verweist.<\/p><p>3. Urheber- und Kennzeichenrecht<\/p><p>Der Autor ist bestrebt, in allen Publikationen die Urheberrechte der verwendeten Grafiken und Texte zu beachten, von ihm selbst erstellte Grafiken und Texte zu nutzen oder auf lizenzfreie Grafiken, und Texte zur\u00fcckzugreifen. Alle innerhalb des Internetangebotes genannten und ggf. durch Dritte gesch\u00fctzten Marken- und Warenzeichen unterliegen uneingeschr\u00e4nkt den Bestimmungen des jeweils g\u00fcltigen Kennzeichenrechts und den Besitzrechten der jeweiligen eingetragenen Eigent\u00fcmer. Allein aufgrund der blo\u00dfen Nennung ist nicht der Schluss zu ziehen, dass Markenzeichen nicht durch Rechte Dritter gesch\u00fctzt sind! Das Copyright f\u00fcr ver\u00f6ffentlichte, vom Autor selbst erstellte Objekte bleibt allein beim Autor der Seiten. Eine Vervielf\u00e4ltigung oder Verwendung solcher Grafiken und Texte in anderen elektronischen oder gedruckten Publikationen ist ohne ausdr\u00fcckliche Zustimmung des Autors nicht gestattet<\/p><p>4. Datenschutz<\/p><p>Sofern innerhalb des Internetangebotes die M\u00f6glichkeit zur Eingabe pers\u00f6nlicher oder gesch\u00e4ftlicher Daten (Emailadressen, Namen, Anschriften) besteht, so erfolgt die Preisgabe dieser Daten seitens des Nutzers auf ausdr\u00fccklich freiwilliger Basis. Die Inanspruchnahme und Bezahlung aller angebotenen Dienste ist &#8211; soweit technisch m\u00f6glich und zumutbar &#8211; auch ohne Angabe solcher Daten bzw. unter Angabe anonymisierter Daten oder eines Pseudonyms gestattet. Die Nutzung der im Rahmen des Impressums oder vergleichbarer Angaben ver\u00f6ffentlichten Kontaktdaten wie Postanschriften, Telefon- und Faxnummern sowie Emailadressen durch Dritte zur \u00dcbersendung von nicht ausdr\u00fccklich angeforderten Informationen ist nicht gestattet. Rechtliche Schritte gegen die Versender von sogenannten Spam-Mails bei Verst\u00f6ssen gegen dieses Verbot sind ausdr\u00fccklich vorbehalten.<\/p><p>5. Rechtswirksamkeit dieses Haftungsausschlusses<\/p><p>Dieser Haftungsausschluss ist als Teil des Internetangebotes zu betrachten, von dem aus auf diese Seite verwiesen wurde. Sofern Teile oder einzelne Formulierungen dieses Textes der geltenden Rechtslage nicht, nicht mehr oder nicht vollst\u00e4ndig entsprechen sollten, bleiben die \u00fcbrigen Teile des Dokumentes in ihrem Inhalt und ihrer G\u00fcltigkeit davon unber\u00fchrt.<\/p>\t\t\t\t\t\t\t\t<\/div>\n\t\t\t\t<\/div>\n\t\t\t\t\t<\/div>\n\t\t\t\t<\/div>\n\t\t\t\t<\/div>\n\t\t","protected":false},"excerpt":{"rendered":"<p>Betreiber der WEB-Site: Bauerei\u00df Informationstechnik Gesch\u00e4ftsf\u00fchrer: J\u00fcrgen Bauerei\u00df Anschrift: Unterer Galgenberg 16 \u00a0 91575 Windsbach Tel.: 09871 \/ 70 56 29 Fax.: &#8212;- e-Mail.: juergen.bauereiss@gmx.de Internet: www.servicebit.de Steuernummer: 205 \/ 203 \/ 00237 \u00a0 \u00a0 Verantwortlich f\u00fcr den Inhalt der WEB-Site: J\u00fcrgen Bauerei\u00df Copyright (c) 2025 by Bauerei\u00df Informationstechnik &#8211; Alle Rechte vorbehalten Alle Informationen [&hellip;]<\/p>\n","protected":false},"author":1,"featured_media":0,"parent":0,"menu_order":0,"comment_status":"closed","ping_status":"closed","template":"","meta":{"footnotes":""},"class_list":["post-10","page","type-page","status-publish","hentry"],"_links":{"self":[{"href":"https:\/\/servicebit.de\/index.php\/wp-json\/wp\/v2\/pages\/10","targetHints":{"allow":["GET"]}}],"collection":[{"href":"https:\/\/servicebit.de\/index.php\/wp-json\/wp\/v2\/pages"}],"about":[{"href":"https:\/\/servicebit.de\/index.php\/wp-json\/wp\/v2\/types\/page"}],"author":[{"embeddable":true,"href":"https:\/\/servicebit.de\/index.php\/wp-json\/wp\/v2\/users\/1"}],"replies":[{"embeddable":true,"href":"https:\/\/servicebit.de\/index.php\/wp-json\/wp\/v2\/comments?post=10"}],"version-history":[{"count":13,"href":"https:\/\/servicebit.de\/index.php\/wp-json\/wp\/v2\/pages\/10\/revisions"}],"predecessor-version":[{"id":80,"href":"https:\/\/servicebit.de\/index.php\/wp-json\/wp\/v2\/pages\/10\/revisions\/80"}],"wp:attachment":[{"href":"https:\/\/servicebit.de\/index.php\/wp-json\/wp\/v2\/media?parent=10"}],"curies":[{"name":"wp","href":"https:\/\/api.w.org\/{rel}","templated":true}]}}