{"id":11,"date":"2024-11-01T11:18:40","date_gmt":"2024-11-01T11:18:40","guid":{"rendered":"https:\/\/servicebit.de\/?page_id=11"},"modified":"2025-01-11T14:08:53","modified_gmt":"2025-01-11T14:08:53","slug":"bauereiss-informationstechnik","status":"publish","type":"page","link":"https:\/\/servicebit.de\/","title":{"rendered":""},"content":{"rendered":"\t\t<div data-elementor-type=\"wp-page\" data-elementor-id=\"11\" class=\"elementor elementor-11\">\n\t\t\t\t<div class=\"elementor-element elementor-element-3c33b4d9 e-flex e-con-boxed e-con e-parent\" data-id=\"3c33b4d9\" data-element_type=\"container\" data-e-type=\"container\">\n\t\t\t\t\t<div class=\"e-con-inner\">\n\t\t\t\t<div class=\"elementor-element elementor-element-6d923b91 elementor-widget elementor-widget-text-editor\" data-id=\"6d923b91\" data-element_type=\"widget\" data-e-type=\"widget\" data-widget_type=\"text-editor.default\">\n\t\t\t\t<div class=\"elementor-widget-container\">\n\t\t\t\t\t\t\t\t\t<p>Herzlichen willkommen auf meiner WebSite.<\/p><p>Im Nebenerwerb betreibe ich eine kleine Firma zu Unterst\u00fctzung von Kleingewerben und Vereinen &#8211; vorrangig f\u00fcr deren Internet-Auftritt.<\/p><p>Aufgrund der vertraglichen Vereinbarung mit meinem Arbeitgeber kann und will ich keine Konkurrenz darstellen. Daher liegt auch k\u00fcnftig mein Schwerpunkt im Web-Design.<\/p><p>Nat\u00fcrlich k\u00f6nnen Sie mich aber auch f\u00fcr andere Themen\u00a0 im IT-Umfeld kontaktieren. Ich werde dann von Fall zu Fall entscheiden, ob und wie die Unterst\u00fctzung m\u00f6glich ist.<\/p><p>Meine Erfahrungen und Kompetenzen k\u00f6nnen Sie gerne der Seite &#8222;\u00dcber mich&#8220; *) entnehmen.<\/p><p>Mein Leistungsangebot finden sie auf der Seite &#8222;Leistungen&#8220;*).<\/p><p>*) Beide Seiten sind noch in Bearbeitung.<\/p>\t\t\t\t\t\t\t\t<\/div>\n\t\t\t\t<\/div>\n\t\t\t\t\t<\/div>\n\t\t\t\t<\/div>\n\t\t<div class=\"elementor-element elementor-element-e68529c e-grid e-con-boxed e-con e-parent\" data-id=\"e68529c\" data-element_type=\"container\" data-e-type=\"container\">\n\t\t\t\t\t<div class=\"e-con-inner\">\n\t\t\t\t\t<\/div>\n\t\t\t\t<\/div>\n\t\t\t\t<\/div>\n\t\t","protected":false},"excerpt":{"rendered":"<p>Herzlichen willkommen auf meiner WebSite. Im Nebenerwerb betreibe ich eine kleine Firma zu Unterst\u00fctzung von Kleingewerben und Vereinen &#8211; vorrangig f\u00fcr deren Internet-Auftritt. Aufgrund der vertraglichen Vereinbarung mit meinem Arbeitgeber kann und will ich keine Konkurrenz darstellen. Daher liegt auch k\u00fcnftig mein Schwerpunkt im Web-Design. Nat\u00fcrlich k\u00f6nnen Sie mich aber auch f\u00fcr andere Themen\u00a0 im [&hellip;]<\/p>\n","protected":false},"author":1,"featured_media":129,"parent":0,"menu_order":0,"comment_status":"closed","ping_status":"closed","template":"","meta":{"footnotes":""},"class_list":["post-11","page","type-page","status-publish","has-post-thumbnail","hentry"],"_links":{"self":[{"href":"https:\/\/servicebit.de\/index.php\/wp-json\/wp\/v2\/pages\/11","targetHints":{"allow":["GET"]}}],"collection":[{"href":"https:\/\/servicebit.de\/index.php\/wp-json\/wp\/v2\/pages"}],"about":[{"href":"https:\/\/servicebit.de\/index.php\/wp-json\/wp\/v2\/types\/page"}],"author":[{"embeddable":true,"href":"https:\/\/servicebit.de\/index.php\/wp-json\/wp\/v2\/users\/1"}],"replies":[{"embeddable":true,"href":"https:\/\/servicebit.de\/index.php\/wp-json\/wp\/v2\/comments?post=11"}],"version-history":[{"count":29,"href":"https:\/\/servicebit.de\/index.php\/wp-json\/wp\/v2\/pages\/11\/revisions"}],"predecessor-version":[{"id":173,"href":"https:\/\/servicebit.de\/index.php\/wp-json\/wp\/v2\/pages\/11\/revisions\/173"}],"wp:featuredmedia":[{"embeddable":true,"href":"https:\/\/servicebit.de\/index.php\/wp-json\/wp\/v2\/media\/129"}],"wp:attachment":[{"href":"https:\/\/servicebit.de\/index.php\/wp-json\/wp\/v2\/media?parent=11"}],"curies":[{"name":"wp","href":"https:\/\/api.w.org\/{rel}","templated":true}]}}